{"id":469,"date":"2023-06-26T08:25:57","date_gmt":"2023-06-26T08:25:57","guid":{"rendered":"https:\/\/msf.mademo.be\/where-we-are\/"},"modified":"2025-12-10T09:48:57","modified_gmt":"2025-12-10T09:48:57","slug":"where-we-are","status":"publish","type":"page","link":"https:\/\/academy.msf.org\/fr\/where-we-are\/","title":{"rendered":"Notre pr\u00e9sence"},"content":{"rendered":"\n<p>L&#8217;Acad\u00e9mie MSF pour les Soins de Sant\u00e9 est pr\u00e9sente dans huit pays diff\u00e9rents, o\u00f9 les \u00e9quipes pays mettent en \u0153uvre les programmes en pr\u00e9sentiel : <a href=\"https:\/\/academy.msf.org\/fr\/country\/burkina-faso\/\"><strong>Burkina Faso<\/strong><\/a>, <strong><a data-type=\"country\" data-id=\"2054\" href=\"https:\/\/academy.msf.org\/fr\/country\/republique-centrafricaine\/\">R\u00e9publique centrafricaine<\/a><\/strong>, <strong><a href=\"https:\/\/academy.msf.org\/fr\/country\/dr-congo\/\">R\u00e9publique d\u00e9mocratique du Congo<\/a><\/strong>,\u00a0<strong><a data-type=\"country\" data-id=\"2086\" href=\"https:\/\/academy.msf.org\/fr\/country\/mali\/\">Mali<\/a><\/strong>, <strong><a data-type=\"country\" data-id=\"2081\" href=\"https:\/\/academy.msf.org\/fr\/country\/nigeria\/\">Nigeria<\/a><\/strong>, <strong><a data-type=\"country\" data-id=\"2027\" href=\"https:\/\/academy.msf.org\/fr\/country\/soudan-du-sud\/\">Soudan du Sud<\/a><\/strong>, <strong><a href=\"https:\/\/academy.msf.org\/fr\/country\/tanzanie\/\">Tanzanie<\/a><\/strong> et <strong><a data-type=\"country\" data-id=\"2021\" href=\"https:\/\/academy.msf.org\/fr\/country\/yemen\/\">Y\u00e9men<\/a><\/strong>.<\/p>\n\n\n\n<p>Le personnel du si\u00e8ge de l&#8217;Acad\u00e9mie MSF est bas\u00e9 en Belgique, au Kenya, en Espagne, en France et au Liban.<\/p>\n\n\n\n<p>Les participants \u00e0 nos programmes d&#8217;apprentissage \u00e0 distance sont bas\u00e9s dans plus de 25 pays \u00e0 travers le monde.<\/p>\n\n\n\n<p>La carte ci-dessous indique les pays dans lesquels :<\/p>\n\n\n\n<p><\/p>\n\n\n\n<div class=\"wp-block-columns is-layout-flex wp-container-core-columns-is-layout-9d6595d7 wp-block-columns-is-layout-flex\">\n<div class=\"wp-block-column is-layout-flow wp-block-column-is-layout-flow\">\n<figure class=\"wp-block-image size-full is-resized\"><img loading=\"lazy\" decoding=\"async\" width=\"128\" height=\"128\" src=\"http:\/\/academy.msf.org\/app\/uploads\/2023\/08\/pin.png\" alt=\"\" class=\"wp-image-1153\" style=\"width:33px;height:33px\"\/><figcaption class=\"wp-element-caption\">nous avons des <strong>programmes en pr\u00e9sentiel<\/strong> et des \u00e9quipes<\/figcaption><\/figure>\n<\/div>\n\n\n\n<div class=\"wp-block-column is-layout-flow wp-block-column-is-layout-flow\">\n<figure class=\"wp-block-image size-full is-resized\"><img loading=\"lazy\" decoding=\"async\" width=\"128\" height=\"128\" src=\"https:\/\/academy.msf.org\/app\/uploads\/2023\/08\/pin-1.png\" alt=\"\" class=\"wp-image-1161\" style=\"width:31px;height:31px\"\/><figcaption class=\"wp-element-caption\">il y a des <strong>participants <\/strong>\u00e0 nos programmes d&#8217;apprentissage hybride et en ligne<\/figcaption><\/figure>\n<\/div>\n\n\n\n<div class=\"wp-block-column is-layout-flow wp-block-column-is-layout-flow\">\n<figure class=\"wp-block-image size-full is-resized\"><img loading=\"lazy\" decoding=\"async\" width=\"128\" height=\"128\" src=\"https:\/\/academy.msf.org\/app\/uploads\/2023\/08\/location-1.png\" alt=\"\" class=\"wp-image-1163\" style=\"width:31px;height:31px\"\/><figcaption class=\"wp-element-caption\">nous avons <strong>compl\u00e9t\u00e9 des programmes en pr\u00e9sentiel<\/strong><\/figcaption><\/figure>\n<\/div>\n<\/div>\n","protected":false},"excerpt":{"rendered":"<p>L&#8217;Acad\u00e9mie MSF pour les Soins de Sant\u00e9 est pr\u00e9sente dans huit pays diff\u00e9rents, o\u00f9 les \u00e9quipes pays mettent en \u0153uvre les programmes en pr\u00e9sentiel : Burkina Faso, R\u00e9publique centrafricaine, R\u00e9publique d\u00e9mocratique du Congo,\u00a0Mali, Nigeria, Soudan du Sud, Tanzanie et Y\u00e9men. Le personnel du si\u00e8ge de l&#8217;Acad\u00e9mie MSF est bas\u00e9 en Belgique, au Kenya, en Espagne, [&hellip;]<\/p>\n","protected":false},"author":1,"featured_media":410,"parent":0,"menu_order":0,"comment_status":"closed","ping_status":"closed","template":"template-default.blade.php","meta":{"_acf_changed":false,"footnotes":""},"class_list":["post-469","page","type-page","status-publish","has-post-thumbnail","hentry"],"acf":[],"yoast_head":"<!-- This site is optimized with the Yoast SEO plugin v27.3 - https:\/\/yoast.com\/product\/yoast-seo-wordpress\/ -->\n<title>Notre pr\u00e9sence - MSF<\/title>\n<meta name=\"robots\" content=\"index, follow, max-snippet:-1, max-image-preview:large, max-video-preview:-1\" \/>\n<link rel=\"canonical\" href=\"https:\/\/academy.msf.org\/fr\/where-we-are\/\" \/>\n<meta property=\"og:locale\" content=\"fr_FR\" \/>\n<meta property=\"og:type\" content=\"article\" \/>\n<meta property=\"og:title\" content=\"Notre pr\u00e9sence - MSF\" \/>\n<meta property=\"og:description\" content=\"L&#8217;Acad\u00e9mie MSF pour les Soins de Sant\u00e9 est pr\u00e9sente dans huit pays diff\u00e9rents, o\u00f9 les \u00e9quipes pays mettent en \u0153uvre les programmes en pr\u00e9sentiel : Burkina Faso, R\u00e9publique centrafricaine, R\u00e9publique d\u00e9mocratique du Congo,\u00a0Mali, Nigeria, Soudan du Sud, Tanzanie et Y\u00e9men. Le personnel du si\u00e8ge de l&#8217;Acad\u00e9mie MSF est bas\u00e9 en Belgique, au Kenya, en Espagne, [&hellip;]\" \/>\n<meta property=\"og:url\" content=\"https:\/\/academy.msf.org\/fr\/where-we-are\/\" \/>\n<meta property=\"og:site_name\" content=\"MSF\" \/>\n<meta property=\"article:modified_time\" content=\"2025-12-10T09:48:57+00:00\" \/>\n<meta property=\"og:image\" content=\"https:\/\/academy.msf.org\/app\/uploads\/2023\/06\/where_we_are.jpg\" \/>\n\t<meta property=\"og:image:width\" content=\"1920\" \/>\n\t<meta property=\"og:image:height\" content=\"669\" \/>\n\t<meta property=\"og:image:type\" content=\"image\/jpeg\" \/>\n<meta name=\"twitter:card\" content=\"summary_large_image\" \/>\n<meta name=\"twitter:label1\" content=\"Est. reading time\" \/>\n\t<meta name=\"twitter:data1\" content=\"2 minutes\" \/>\n<script type=\"application\/ld+json\" class=\"yoast-schema-graph\">{\"@context\":\"https:\\\/\\\/schema.org\",\"@graph\":[{\"@type\":\"WebPage\",\"@id\":\"https:\\\/\\\/academy.msf.org\\\/fr\\\/where-we-are\\\/\",\"url\":\"https:\\\/\\\/academy.msf.org\\\/fr\\\/where-we-are\\\/\",\"name\":\"Notre pr\u00e9sence - MSF\",\"isPartOf\":{\"@id\":\"https:\\\/\\\/academy.msf.org\\\/fr\\\/#website\"},\"primaryImageOfPage\":{\"@id\":\"https:\\\/\\\/academy.msf.org\\\/fr\\\/where-we-are\\\/#primaryimage\"},\"image\":{\"@id\":\"https:\\\/\\\/academy.msf.org\\\/fr\\\/where-we-are\\\/#primaryimage\"},\"thumbnailUrl\":\"https:\\\/\\\/academy.msf.org\\\/app\\\/uploads\\\/2023\\\/06\\\/where_we_are.jpg\",\"datePublished\":\"2023-06-26T08:25:57+00:00\",\"dateModified\":\"2025-12-10T09:48:57+00:00\",\"breadcrumb\":{\"@id\":\"https:\\\/\\\/academy.msf.org\\\/fr\\\/where-we-are\\\/#breadcrumb\"},\"inLanguage\":\"fr-FR\",\"potentialAction\":[{\"@type\":\"ReadAction\",\"target\":[\"https:\\\/\\\/academy.msf.org\\\/fr\\\/where-we-are\\\/\"]}]},{\"@type\":\"ImageObject\",\"inLanguage\":\"fr-FR\",\"@id\":\"https:\\\/\\\/academy.msf.org\\\/fr\\\/where-we-are\\\/#primaryimage\",\"url\":\"https:\\\/\\\/academy.msf.org\\\/app\\\/uploads\\\/2023\\\/06\\\/where_we_are.jpg\",\"contentUrl\":\"https:\\\/\\\/academy.msf.org\\\/app\\\/uploads\\\/2023\\\/06\\\/where_we_are.jpg\",\"width\":1920,\"height\":669},{\"@type\":\"BreadcrumbList\",\"@id\":\"https:\\\/\\\/academy.msf.org\\\/fr\\\/where-we-are\\\/#breadcrumb\",\"itemListElement\":[{\"@type\":\"ListItem\",\"position\":1,\"name\":\"Home\",\"item\":\"https:\\\/\\\/academy.msf.org\\\/fr\\\/\"},{\"@type\":\"ListItem\",\"position\":2,\"name\":\"Notre pr\u00e9sence\"}]},{\"@type\":\"WebSite\",\"@id\":\"https:\\\/\\\/academy.msf.org\\\/fr\\\/#website\",\"url\":\"https:\\\/\\\/academy.msf.org\\\/fr\\\/\",\"name\":\"MSF\",\"description\":\"\",\"potentialAction\":[{\"@type\":\"SearchAction\",\"target\":{\"@type\":\"EntryPoint\",\"urlTemplate\":\"https:\\\/\\\/academy.msf.org\\\/fr\\\/?s={search_term_string}\"},\"query-input\":{\"@type\":\"PropertyValueSpecification\",\"valueRequired\":true,\"valueName\":\"search_term_string\"}}],\"inLanguage\":\"fr-FR\"}]}<\/script>\n<!-- \/ Yoast SEO plugin. -->","yoast_head_json":{"title":"Notre pr\u00e9sence - MSF","robots":{"index":"index","follow":"follow","max-snippet":"max-snippet:-1","max-image-preview":"max-image-preview:large","max-video-preview":"max-video-preview:-1"},"canonical":"https:\/\/academy.msf.org\/fr\/where-we-are\/","og_locale":"fr_FR","og_type":"article","og_title":"Notre pr\u00e9sence - MSF","og_description":"L&#8217;Acad\u00e9mie MSF pour les Soins de Sant\u00e9 est pr\u00e9sente dans huit pays diff\u00e9rents, o\u00f9 les \u00e9quipes pays mettent en \u0153uvre les programmes en pr\u00e9sentiel : Burkina Faso, R\u00e9publique centrafricaine, R\u00e9publique d\u00e9mocratique du Congo,\u00a0Mali, Nigeria, Soudan du Sud, Tanzanie et Y\u00e9men. Le personnel du si\u00e8ge de l&#8217;Acad\u00e9mie MSF est bas\u00e9 en Belgique, au Kenya, en Espagne, [&hellip;]","og_url":"https:\/\/academy.msf.org\/fr\/where-we-are\/","og_site_name":"MSF","article_modified_time":"2025-12-10T09:48:57+00:00","og_image":[{"width":1920,"height":669,"url":"https:\/\/academy.msf.org\/app\/uploads\/2023\/06\/where_we_are.jpg","type":"image\/jpeg"}],"twitter_card":"summary_large_image","twitter_misc":{"Est. reading time":"2 minutes"},"schema":{"@context":"https:\/\/schema.org","@graph":[{"@type":"WebPage","@id":"https:\/\/academy.msf.org\/fr\/where-we-are\/","url":"https:\/\/academy.msf.org\/fr\/where-we-are\/","name":"Notre pr\u00e9sence - MSF","isPartOf":{"@id":"https:\/\/academy.msf.org\/fr\/#website"},"primaryImageOfPage":{"@id":"https:\/\/academy.msf.org\/fr\/where-we-are\/#primaryimage"},"image":{"@id":"https:\/\/academy.msf.org\/fr\/where-we-are\/#primaryimage"},"thumbnailUrl":"https:\/\/academy.msf.org\/app\/uploads\/2023\/06\/where_we_are.jpg","datePublished":"2023-06-26T08:25:57+00:00","dateModified":"2025-12-10T09:48:57+00:00","breadcrumb":{"@id":"https:\/\/academy.msf.org\/fr\/where-we-are\/#breadcrumb"},"inLanguage":"fr-FR","potentialAction":[{"@type":"ReadAction","target":["https:\/\/academy.msf.org\/fr\/where-we-are\/"]}]},{"@type":"ImageObject","inLanguage":"fr-FR","@id":"https:\/\/academy.msf.org\/fr\/where-we-are\/#primaryimage","url":"https:\/\/academy.msf.org\/app\/uploads\/2023\/06\/where_we_are.jpg","contentUrl":"https:\/\/academy.msf.org\/app\/uploads\/2023\/06\/where_we_are.jpg","width":1920,"height":669},{"@type":"BreadcrumbList","@id":"https:\/\/academy.msf.org\/fr\/where-we-are\/#breadcrumb","itemListElement":[{"@type":"ListItem","position":1,"name":"Home","item":"https:\/\/academy.msf.org\/fr\/"},{"@type":"ListItem","position":2,"name":"Notre pr\u00e9sence"}]},{"@type":"WebSite","@id":"https:\/\/academy.msf.org\/fr\/#website","url":"https:\/\/academy.msf.org\/fr\/","name":"MSF","description":"","potentialAction":[{"@type":"SearchAction","target":{"@type":"EntryPoint","urlTemplate":"https:\/\/academy.msf.org\/fr\/?s={search_term_string}"},"query-input":{"@type":"PropertyValueSpecification","valueRequired":true,"valueName":"search_term_string"}}],"inLanguage":"fr-FR"}]}},"_links":{"self":[{"href":"https:\/\/academy.msf.org\/fr\/wp-json\/wp\/v2\/pages\/469","targetHints":{"allow":["GET"]}}],"collection":[{"href":"https:\/\/academy.msf.org\/fr\/wp-json\/wp\/v2\/pages"}],"about":[{"href":"https:\/\/academy.msf.org\/fr\/wp-json\/wp\/v2\/types\/page"}],"author":[{"embeddable":true,"href":"https:\/\/academy.msf.org\/fr\/wp-json\/wp\/v2\/users\/1"}],"replies":[{"embeddable":true,"href":"https:\/\/academy.msf.org\/fr\/wp-json\/wp\/v2\/comments?post=469"}],"version-history":[{"count":24,"href":"https:\/\/academy.msf.org\/fr\/wp-json\/wp\/v2\/pages\/469\/revisions"}],"predecessor-version":[{"id":4455,"href":"https:\/\/academy.msf.org\/fr\/wp-json\/wp\/v2\/pages\/469\/revisions\/4455"}],"wp:featuredmedia":[{"embeddable":true,"href":"https:\/\/academy.msf.org\/fr\/wp-json\/wp\/v2\/media\/410"}],"wp:attachment":[{"href":"https:\/\/academy.msf.org\/fr\/wp-json\/wp\/v2\/media?parent=469"}],"curies":[{"name":"wp","href":"https:\/\/api.w.org\/{rel}","templated":true}]}}