{"id":468,"date":"2023-07-06T15:47:55","date_gmt":"2023-07-06T15:47:55","guid":{"rendered":"https:\/\/msf.mademo.be\/what-we-do\/antimicrobial-resistance-learning\/"},"modified":"2026-02-25T08:41:01","modified_gmt":"2026-02-25T08:41:01","slug":"antimicrobial-resistance","status":"publish","type":"page","link":"https:\/\/academy.msf.org\/fr\/what-we-do\/antimicrobial-resistance\/","title":{"rendered":"R\u00e9sistance aux Antimicrobiens"},"content":{"rendered":"\n<p>L&#8217;initiative d&#8217;Apprentissage de la R\u00e9sistance aux Antimicrobiens vise \u00e0 am\u00e9liorer la gestion de la r\u00e9sistance aux antimicrobiens (RAM) dans les structures soutenues par MSF gr\u00e2ce \u00e0 la formation et au renforcement des comp\u00e9tences des superviseurs de la pr\u00e9vention et du contr\u00f4le des infections (PCI) et des points focaux du bon usage des antimicrobiens (BUA).<\/p>\n\n\n\n<p>La r\u00e9sistance aux antimicrobiens est une priorit\u00e9 centrale pour les d\u00e9partements m\u00e9dicaux et op\u00e9rationnels de MSF, car la r\u00e9sistance aux antimicrobiens se propage rapidement et affecte la morbidit\u00e9 et la mortalit\u00e9 de nos patients actuels et futurs. L&#8217;initiative d&#8217;apprentissage sur la RAM a \u00e9t\u00e9 lanc\u00e9e en 2021 et propose deux cours en anglais et en fran\u00e7ais : <strong>Supervision et control de la PCI<\/strong> et <strong>Bon usage des Antimicrobiens<\/strong>.<\/p>\n\n\n\n<p>Gr\u00e2ce \u00e0 ces programmes de formation de dix mois, les superviseurs PCI et les points focaux BUA acqui\u00e8rent les comp\u00e9tences pratiques et les connaissances n\u00e9cessaires pour mettre en \u0153uvre une strat\u00e9gie PCI ou BUA au sein de leur h\u00f4pital et soutenir le personnel de MSF dans les meilleures pratiques.<\/p>\n\n\n\n<p><\/p>\n","protected":false},"excerpt":{"rendered":"<p>L&#8217;initiative d&#8217;Apprentissage de la R\u00e9sistance aux Antimicrobiens vise \u00e0 am\u00e9liorer la gestion de la r\u00e9sistance aux antimicrobiens (RAM) dans les structures soutenues par MSF gr\u00e2ce \u00e0 la formation et au renforcement des comp\u00e9tences des superviseurs de la pr\u00e9vention et du contr\u00f4le des infections (PCI) et des points focaux du bon usage des antimicrobiens (BUA). La [&hellip;]<\/p>\n","protected":false},"author":1,"featured_media":1000,"parent":459,"menu_order":5,"comment_status":"closed","ping_status":"closed","template":"template-default.blade.php","meta":{"_acf_changed":false,"footnotes":""},"class_list":["post-468","page","type-page","status-publish","has-post-thumbnail","hentry"],"acf":[],"yoast_head":"<!-- This site is optimized with the Yoast SEO plugin v27.1.1 - https:\/\/yoast.com\/product\/yoast-seo-wordpress\/ -->\n<title>R\u00e9sistance aux Antimicrobiens - MSF<\/title>\n<meta name=\"robots\" content=\"index, follow, max-snippet:-1, max-image-preview:large, max-video-preview:-1\" \/>\n<link rel=\"canonical\" href=\"https:\/\/academy.msf.org\/fr\/what-we-do\/antimicrobial-resistance\/\" \/>\n<meta property=\"og:locale\" content=\"fr_FR\" \/>\n<meta property=\"og:type\" content=\"article\" \/>\n<meta property=\"og:title\" content=\"R\u00e9sistance aux Antimicrobiens - MSF\" \/>\n<meta property=\"og:description\" content=\"L&#8217;initiative d&#8217;Apprentissage de la R\u00e9sistance aux Antimicrobiens vise \u00e0 am\u00e9liorer la gestion de la r\u00e9sistance aux antimicrobiens (RAM) dans les structures soutenues par MSF gr\u00e2ce \u00e0 la formation et au renforcement des comp\u00e9tences des superviseurs de la pr\u00e9vention et du contr\u00f4le des infections (PCI) et des points focaux du bon usage des antimicrobiens (BUA). La [&hellip;]\" \/>\n<meta property=\"og:url\" content=\"https:\/\/academy.msf.org\/fr\/what-we-do\/antimicrobial-resistance\/\" \/>\n<meta property=\"og:site_name\" content=\"MSF\" \/>\n<meta property=\"article:modified_time\" content=\"2026-02-25T08:41:01+00:00\" \/>\n<meta property=\"og:image\" content=\"https:\/\/academy.msf.org\/app\/uploads\/2023\/08\/r-JUG_7262.jpg\" \/>\n\t<meta property=\"og:image:width\" content=\"1920\" \/>\n\t<meta property=\"og:image:height\" content=\"1280\" \/>\n\t<meta property=\"og:image:type\" content=\"image\/jpeg\" \/>\n<meta name=\"twitter:card\" content=\"summary_large_image\" \/>\n<meta name=\"twitter:label1\" content=\"Est. reading time\" \/>\n\t<meta name=\"twitter:data1\" content=\"6 minutes\" \/>\n<script type=\"application\/ld+json\" class=\"yoast-schema-graph\">{\"@context\":\"https:\/\/schema.org\",\"@graph\":[{\"@type\":\"WebPage\",\"@id\":\"https:\/\/academy.msf.org\/fr\/what-we-do\/antimicrobial-resistance\/\",\"url\":\"https:\/\/academy.msf.org\/fr\/what-we-do\/antimicrobial-resistance\/\",\"name\":\"R\u00e9sistance aux Antimicrobiens - MSF\",\"isPartOf\":{\"@id\":\"https:\/\/academy.msf.org\/fr\/#website\"},\"primaryImageOfPage\":{\"@id\":\"https:\/\/academy.msf.org\/fr\/what-we-do\/antimicrobial-resistance\/#primaryimage\"},\"image\":{\"@id\":\"https:\/\/academy.msf.org\/fr\/what-we-do\/antimicrobial-resistance\/#primaryimage\"},\"thumbnailUrl\":\"https:\/\/academy.msf.org\/app\/uploads\/2023\/08\/r-JUG_7262.jpg\",\"datePublished\":\"2023-07-06T15:47:55+00:00\",\"dateModified\":\"2026-02-25T08:41:01+00:00\",\"breadcrumb\":{\"@id\":\"https:\/\/academy.msf.org\/fr\/what-we-do\/antimicrobial-resistance\/#breadcrumb\"},\"inLanguage\":\"fr-FR\",\"potentialAction\":[{\"@type\":\"ReadAction\",\"target\":[\"https:\/\/academy.msf.org\/fr\/what-we-do\/antimicrobial-resistance\/\"]}]},{\"@type\":\"ImageObject\",\"inLanguage\":\"fr-FR\",\"@id\":\"https:\/\/academy.msf.org\/fr\/what-we-do\/antimicrobial-resistance\/#primaryimage\",\"url\":\"https:\/\/academy.msf.org\/app\/uploads\/2023\/08\/r-JUG_7262.jpg\",\"contentUrl\":\"https:\/\/academy.msf.org\/app\/uploads\/2023\/08\/r-JUG_7262.jpg\",\"width\":1920,\"height\":1280,\"caption\":\"Comfort Agbese, IPC supervisor in Jahun and MSF Academy learner of the AMR programme, making rounds to check sanitation protocols are in place, Jahun, Nigeria.\"},{\"@type\":\"BreadcrumbList\",\"@id\":\"https:\/\/academy.msf.org\/fr\/what-we-do\/antimicrobial-resistance\/#breadcrumb\",\"itemListElement\":[{\"@type\":\"ListItem\",\"position\":1,\"name\":\"Home\",\"item\":\"https:\/\/academy.msf.org\/fr\/\"},{\"@type\":\"ListItem\",\"position\":2,\"name\":\"Notre action\",\"item\":\"https:\/\/academy.msf.org\/fr\/what-we-do\/\"},{\"@type\":\"ListItem\",\"position\":3,\"name\":\"R\u00e9sistance aux Antimicrobiens\"}]},{\"@type\":\"WebSite\",\"@id\":\"https:\/\/academy.msf.org\/fr\/#website\",\"url\":\"https:\/\/academy.msf.org\/fr\/\",\"name\":\"MSF\",\"description\":\"\",\"potentialAction\":[{\"@type\":\"SearchAction\",\"target\":{\"@type\":\"EntryPoint\",\"urlTemplate\":\"https:\/\/academy.msf.org\/fr\/?s={search_term_string}\"},\"query-input\":{\"@type\":\"PropertyValueSpecification\",\"valueRequired\":true,\"valueName\":\"search_term_string\"}}],\"inLanguage\":\"fr-FR\"}]}<\/script>\n<!-- \/ Yoast SEO plugin. -->","yoast_head_json":{"title":"R\u00e9sistance aux Antimicrobiens - MSF","robots":{"index":"index","follow":"follow","max-snippet":"max-snippet:-1","max-image-preview":"max-image-preview:large","max-video-preview":"max-video-preview:-1"},"canonical":"https:\/\/academy.msf.org\/fr\/what-we-do\/antimicrobial-resistance\/","og_locale":"fr_FR","og_type":"article","og_title":"R\u00e9sistance aux Antimicrobiens - MSF","og_description":"L&#8217;initiative d&#8217;Apprentissage de la R\u00e9sistance aux Antimicrobiens vise \u00e0 am\u00e9liorer la gestion de la r\u00e9sistance aux antimicrobiens (RAM) dans les structures soutenues par MSF gr\u00e2ce \u00e0 la formation et au renforcement des comp\u00e9tences des superviseurs de la pr\u00e9vention et du contr\u00f4le des infections (PCI) et des points focaux du bon usage des antimicrobiens (BUA). La [&hellip;]","og_url":"https:\/\/academy.msf.org\/fr\/what-we-do\/antimicrobial-resistance\/","og_site_name":"MSF","article_modified_time":"2026-02-25T08:41:01+00:00","og_image":[{"width":1920,"height":1280,"url":"https:\/\/academy.msf.org\/app\/uploads\/2023\/08\/r-JUG_7262.jpg","type":"image\/jpeg"}],"twitter_card":"summary_large_image","twitter_misc":{"Est. reading time":"6 minutes"},"schema":{"@context":"https:\/\/schema.org","@graph":[{"@type":"WebPage","@id":"https:\/\/academy.msf.org\/fr\/what-we-do\/antimicrobial-resistance\/","url":"https:\/\/academy.msf.org\/fr\/what-we-do\/antimicrobial-resistance\/","name":"R\u00e9sistance aux Antimicrobiens - MSF","isPartOf":{"@id":"https:\/\/academy.msf.org\/fr\/#website"},"primaryImageOfPage":{"@id":"https:\/\/academy.msf.org\/fr\/what-we-do\/antimicrobial-resistance\/#primaryimage"},"image":{"@id":"https:\/\/academy.msf.org\/fr\/what-we-do\/antimicrobial-resistance\/#primaryimage"},"thumbnailUrl":"https:\/\/academy.msf.org\/app\/uploads\/2023\/08\/r-JUG_7262.jpg","datePublished":"2023-07-06T15:47:55+00:00","dateModified":"2026-02-25T08:41:01+00:00","breadcrumb":{"@id":"https:\/\/academy.msf.org\/fr\/what-we-do\/antimicrobial-resistance\/#breadcrumb"},"inLanguage":"fr-FR","potentialAction":[{"@type":"ReadAction","target":["https:\/\/academy.msf.org\/fr\/what-we-do\/antimicrobial-resistance\/"]}]},{"@type":"ImageObject","inLanguage":"fr-FR","@id":"https:\/\/academy.msf.org\/fr\/what-we-do\/antimicrobial-resistance\/#primaryimage","url":"https:\/\/academy.msf.org\/app\/uploads\/2023\/08\/r-JUG_7262.jpg","contentUrl":"https:\/\/academy.msf.org\/app\/uploads\/2023\/08\/r-JUG_7262.jpg","width":1920,"height":1280,"caption":"Comfort Agbese, IPC supervisor in Jahun and MSF Academy learner of the AMR programme, making rounds to check sanitation protocols are in place, Jahun, Nigeria."},{"@type":"BreadcrumbList","@id":"https:\/\/academy.msf.org\/fr\/what-we-do\/antimicrobial-resistance\/#breadcrumb","itemListElement":[{"@type":"ListItem","position":1,"name":"Home","item":"https:\/\/academy.msf.org\/fr\/"},{"@type":"ListItem","position":2,"name":"Notre action","item":"https:\/\/academy.msf.org\/fr\/what-we-do\/"},{"@type":"ListItem","position":3,"name":"R\u00e9sistance aux Antimicrobiens"}]},{"@type":"WebSite","@id":"https:\/\/academy.msf.org\/fr\/#website","url":"https:\/\/academy.msf.org\/fr\/","name":"MSF","description":"","potentialAction":[{"@type":"SearchAction","target":{"@type":"EntryPoint","urlTemplate":"https:\/\/academy.msf.org\/fr\/?s={search_term_string}"},"query-input":{"@type":"PropertyValueSpecification","valueRequired":true,"valueName":"search_term_string"}}],"inLanguage":"fr-FR"}]}},"_links":{"self":[{"href":"https:\/\/academy.msf.org\/fr\/wp-json\/wp\/v2\/pages\/468","targetHints":{"allow":["GET"]}}],"collection":[{"href":"https:\/\/academy.msf.org\/fr\/wp-json\/wp\/v2\/pages"}],"about":[{"href":"https:\/\/academy.msf.org\/fr\/wp-json\/wp\/v2\/types\/page"}],"author":[{"embeddable":true,"href":"https:\/\/academy.msf.org\/fr\/wp-json\/wp\/v2\/users\/1"}],"replies":[{"embeddable":true,"href":"https:\/\/academy.msf.org\/fr\/wp-json\/wp\/v2\/comments?post=468"}],"version-history":[{"count":39,"href":"https:\/\/academy.msf.org\/fr\/wp-json\/wp\/v2\/pages\/468\/revisions"}],"predecessor-version":[{"id":4584,"href":"https:\/\/academy.msf.org\/fr\/wp-json\/wp\/v2\/pages\/468\/revisions\/4584"}],"up":[{"embeddable":true,"href":"https:\/\/academy.msf.org\/fr\/wp-json\/wp\/v2\/pages\/459"}],"wp:featuredmedia":[{"embeddable":true,"href":"https:\/\/academy.msf.org\/fr\/wp-json\/wp\/v2\/media\/1000"}],"wp:attachment":[{"href":"https:\/\/academy.msf.org\/fr\/wp-json\/wp\/v2\/media?parent=468"}],"curies":[{"name":"wp","href":"https:\/\/api.w.org\/{rel}","templated":true}]}}