{"id":467,"date":"2023-07-06T15:57:20","date_gmt":"2023-07-06T15:57:20","guid":{"rendered":"https:\/\/msf.mademo.be\/what-we-do\/outpatient-care\/"},"modified":"2026-03-19T08:41:51","modified_gmt":"2026-03-19T08:41:51","slug":"outpatient-care","status":"publish","type":"page","link":"https:\/\/academy.msf.org\/fr\/what-we-do\/outpatient-care\/","title":{"rendered":"Soins Ambulatoires"},"content":{"rendered":"\n<p>L&#8217;initiative de Soins Ambulatoires vise \u00e0 renforcer les comp\u00e9tences et les aptitudes des prestataires de soins ambulatoires en mati\u00e8re d&#8217;\u00e9valuation des patients, de raisonnement et de prise de d\u00e9cision cliniques, en utilisant un mod\u00e8le de soins centr\u00e9 sur la personne, dans le but d&#8217;am\u00e9liorer la qualit\u00e9 des consultations ambulatoires des projets de MSF.<\/p>\n\n\n\n<p>Les soins ambulatoires repr\u00e9sentent le service m\u00e9dical le plus couramment fourni par MSF. Les consultations externes sont men\u00e9es par des agents de sant\u00e9 divers, qui n&#8217;ont pas tous la m\u00eame formation en mati\u00e8re de diagnostic ou de traitement, d\u00e9pendamment des ressources disponibles. La disponibilit\u00e9 limit\u00e9e des m\u00e9decins dans certains pays \u00e0 faible revenu et les lacunes en mati\u00e8re de supervision clinique posent des d\u00e9fis en termes de qualit\u00e9 des soins et de prise de d\u00e9cision clinique.<\/p>\n\n\n\n<p>Le programme est bas\u00e9 sur un cadre de comp\u00e9tences transversal d\u00e9velopp\u00e9 \u00e0 partir d&#8217;\u00e9l\u00e9ments cl\u00e9s d&#8217;une consultation de soins primaires et des principaux aspects \u00e0 am\u00e9liorer identifi\u00e9s lors d&#8217;une \u00e9tude de faisabilit\u00e9 et d&#8217;une consultance entre MSF et l&#8217;Institut de M\u00e9decine Tropicale d&#8217;Anvers, en Belgique.<\/p>\n","protected":false},"excerpt":{"rendered":"<p>L&#8217;initiative de Soins Ambulatoires vise \u00e0 renforcer les comp\u00e9tences et les aptitudes des prestataires de soins ambulatoires en mati\u00e8re d&#8217;\u00e9valuation des patients, de raisonnement et de prise de d\u00e9cision cliniques, en utilisant un mod\u00e8le de soins centr\u00e9 sur la personne, dans le but d&#8217;am\u00e9liorer la qualit\u00e9 des consultations ambulatoires des projets de MSF. Les soins [&hellip;]<\/p>\n","protected":false},"author":1,"featured_media":1299,"parent":459,"menu_order":2,"comment_status":"closed","ping_status":"closed","template":"template-default.blade.php","meta":{"_acf_changed":false,"footnotes":""},"class_list":["post-467","page","type-page","status-publish","has-post-thumbnail","hentry"],"acf":[],"yoast_head":"<!-- This site is optimized with the Yoast SEO plugin v27.3 - https:\/\/yoast.com\/product\/yoast-seo-wordpress\/ -->\n<title>Soins Ambulatoires - MSF<\/title>\n<meta name=\"robots\" content=\"index, follow, max-snippet:-1, max-image-preview:large, max-video-preview:-1\" \/>\n<link rel=\"canonical\" href=\"https:\/\/academy.msf.org\/fr\/what-we-do\/outpatient-care\/\" \/>\n<meta property=\"og:locale\" content=\"fr_FR\" \/>\n<meta property=\"og:type\" content=\"article\" \/>\n<meta property=\"og:title\" content=\"Soins Ambulatoires - MSF\" \/>\n<meta property=\"og:description\" content=\"L&#8217;initiative de Soins Ambulatoires vise \u00e0 renforcer les comp\u00e9tences et les aptitudes des prestataires de soins ambulatoires en mati\u00e8re d&#8217;\u00e9valuation des patients, de raisonnement et de prise de d\u00e9cision cliniques, en utilisant un mod\u00e8le de soins centr\u00e9 sur la personne, dans le but d&#8217;am\u00e9liorer la qualit\u00e9 des consultations ambulatoires des projets de MSF. Les soins [&hellip;]\" \/>\n<meta property=\"og:url\" content=\"https:\/\/academy.msf.org\/fr\/what-we-do\/outpatient-care\/\" \/>\n<meta property=\"og:site_name\" content=\"MSF\" \/>\n<meta property=\"article:modified_time\" content=\"2026-03-19T08:41:51+00:00\" \/>\n<meta property=\"og:image\" content=\"https:\/\/academy.msf.org\/app\/uploads\/2023\/08\/MSB86823High.jpg\" \/>\n\t<meta property=\"og:image:width\" content=\"1920\" \/>\n\t<meta property=\"og:image:height\" content=\"1282\" \/>\n\t<meta property=\"og:image:type\" content=\"image\/jpeg\" \/>\n<meta name=\"twitter:card\" content=\"summary_large_image\" \/>\n<meta name=\"twitter:label1\" content=\"Est. reading time\" \/>\n\t<meta name=\"twitter:data1\" content=\"5 minutes\" \/>\n<script type=\"application\/ld+json\" class=\"yoast-schema-graph\">{\"@context\":\"https:\\\/\\\/schema.org\",\"@graph\":[{\"@type\":\"WebPage\",\"@id\":\"https:\\\/\\\/academy.msf.org\\\/fr\\\/what-we-do\\\/outpatient-care\\\/\",\"url\":\"https:\\\/\\\/academy.msf.org\\\/fr\\\/what-we-do\\\/outpatient-care\\\/\",\"name\":\"Soins Ambulatoires - MSF\",\"isPartOf\":{\"@id\":\"https:\\\/\\\/academy.msf.org\\\/fr\\\/#website\"},\"primaryImageOfPage\":{\"@id\":\"https:\\\/\\\/academy.msf.org\\\/fr\\\/what-we-do\\\/outpatient-care\\\/#primaryimage\"},\"image\":{\"@id\":\"https:\\\/\\\/academy.msf.org\\\/fr\\\/what-we-do\\\/outpatient-care\\\/#primaryimage\"},\"thumbnailUrl\":\"https:\\\/\\\/academy.msf.org\\\/app\\\/uploads\\\/2023\\\/08\\\/MSB86823High.jpg\",\"datePublished\":\"2023-07-06T15:57:20+00:00\",\"dateModified\":\"2026-03-19T08:41:51+00:00\",\"breadcrumb\":{\"@id\":\"https:\\\/\\\/academy.msf.org\\\/fr\\\/what-we-do\\\/outpatient-care\\\/#breadcrumb\"},\"inLanguage\":\"fr-FR\",\"potentialAction\":[{\"@type\":\"ReadAction\",\"target\":[\"https:\\\/\\\/academy.msf.org\\\/fr\\\/what-we-do\\\/outpatient-care\\\/\"]}]},{\"@type\":\"ImageObject\",\"inLanguage\":\"fr-FR\",\"@id\":\"https:\\\/\\\/academy.msf.org\\\/fr\\\/what-we-do\\\/outpatient-care\\\/#primaryimage\",\"url\":\"https:\\\/\\\/academy.msf.org\\\/app\\\/uploads\\\/2023\\\/08\\\/MSB86823High.jpg\",\"contentUrl\":\"https:\\\/\\\/academy.msf.org\\\/app\\\/uploads\\\/2023\\\/08\\\/MSB86823High.jpg\",\"width\":1920,\"height\":1282,\"caption\":\"An MSF Academy clinical mentor in Hangha Community Health Centre (CHC) In Kenema district in Sierra Leone mentoring a nurse while checking the weight of an new born infant in the centre.\"},{\"@type\":\"BreadcrumbList\",\"@id\":\"https:\\\/\\\/academy.msf.org\\\/fr\\\/what-we-do\\\/outpatient-care\\\/#breadcrumb\",\"itemListElement\":[{\"@type\":\"ListItem\",\"position\":1,\"name\":\"Home\",\"item\":\"https:\\\/\\\/academy.msf.org\\\/fr\\\/\"},{\"@type\":\"ListItem\",\"position\":2,\"name\":\"Notre action\",\"item\":\"https:\\\/\\\/academy.msf.org\\\/fr\\\/what-we-do\\\/\"},{\"@type\":\"ListItem\",\"position\":3,\"name\":\"Soins Ambulatoires\"}]},{\"@type\":\"WebSite\",\"@id\":\"https:\\\/\\\/academy.msf.org\\\/fr\\\/#website\",\"url\":\"https:\\\/\\\/academy.msf.org\\\/fr\\\/\",\"name\":\"MSF\",\"description\":\"\",\"potentialAction\":[{\"@type\":\"SearchAction\",\"target\":{\"@type\":\"EntryPoint\",\"urlTemplate\":\"https:\\\/\\\/academy.msf.org\\\/fr\\\/?s={search_term_string}\"},\"query-input\":{\"@type\":\"PropertyValueSpecification\",\"valueRequired\":true,\"valueName\":\"search_term_string\"}}],\"inLanguage\":\"fr-FR\"}]}<\/script>\n<!-- \/ Yoast SEO plugin. -->","yoast_head_json":{"title":"Soins Ambulatoires - MSF","robots":{"index":"index","follow":"follow","max-snippet":"max-snippet:-1","max-image-preview":"max-image-preview:large","max-video-preview":"max-video-preview:-1"},"canonical":"https:\/\/academy.msf.org\/fr\/what-we-do\/outpatient-care\/","og_locale":"fr_FR","og_type":"article","og_title":"Soins Ambulatoires - MSF","og_description":"L&#8217;initiative de Soins Ambulatoires vise \u00e0 renforcer les comp\u00e9tences et les aptitudes des prestataires de soins ambulatoires en mati\u00e8re d&#8217;\u00e9valuation des patients, de raisonnement et de prise de d\u00e9cision cliniques, en utilisant un mod\u00e8le de soins centr\u00e9 sur la personne, dans le but d&#8217;am\u00e9liorer la qualit\u00e9 des consultations ambulatoires des projets de MSF. Les soins [&hellip;]","og_url":"https:\/\/academy.msf.org\/fr\/what-we-do\/outpatient-care\/","og_site_name":"MSF","article_modified_time":"2026-03-19T08:41:51+00:00","og_image":[{"width":1920,"height":1282,"url":"https:\/\/academy.msf.org\/app\/uploads\/2023\/08\/MSB86823High.jpg","type":"image\/jpeg"}],"twitter_card":"summary_large_image","twitter_misc":{"Est. reading time":"5 minutes"},"schema":{"@context":"https:\/\/schema.org","@graph":[{"@type":"WebPage","@id":"https:\/\/academy.msf.org\/fr\/what-we-do\/outpatient-care\/","url":"https:\/\/academy.msf.org\/fr\/what-we-do\/outpatient-care\/","name":"Soins Ambulatoires - MSF","isPartOf":{"@id":"https:\/\/academy.msf.org\/fr\/#website"},"primaryImageOfPage":{"@id":"https:\/\/academy.msf.org\/fr\/what-we-do\/outpatient-care\/#primaryimage"},"image":{"@id":"https:\/\/academy.msf.org\/fr\/what-we-do\/outpatient-care\/#primaryimage"},"thumbnailUrl":"https:\/\/academy.msf.org\/app\/uploads\/2023\/08\/MSB86823High.jpg","datePublished":"2023-07-06T15:57:20+00:00","dateModified":"2026-03-19T08:41:51+00:00","breadcrumb":{"@id":"https:\/\/academy.msf.org\/fr\/what-we-do\/outpatient-care\/#breadcrumb"},"inLanguage":"fr-FR","potentialAction":[{"@type":"ReadAction","target":["https:\/\/academy.msf.org\/fr\/what-we-do\/outpatient-care\/"]}]},{"@type":"ImageObject","inLanguage":"fr-FR","@id":"https:\/\/academy.msf.org\/fr\/what-we-do\/outpatient-care\/#primaryimage","url":"https:\/\/academy.msf.org\/app\/uploads\/2023\/08\/MSB86823High.jpg","contentUrl":"https:\/\/academy.msf.org\/app\/uploads\/2023\/08\/MSB86823High.jpg","width":1920,"height":1282,"caption":"An MSF Academy clinical mentor in Hangha Community Health Centre (CHC) In Kenema district in Sierra Leone mentoring a nurse while checking the weight of an new born infant in the centre."},{"@type":"BreadcrumbList","@id":"https:\/\/academy.msf.org\/fr\/what-we-do\/outpatient-care\/#breadcrumb","itemListElement":[{"@type":"ListItem","position":1,"name":"Home","item":"https:\/\/academy.msf.org\/fr\/"},{"@type":"ListItem","position":2,"name":"Notre action","item":"https:\/\/academy.msf.org\/fr\/what-we-do\/"},{"@type":"ListItem","position":3,"name":"Soins Ambulatoires"}]},{"@type":"WebSite","@id":"https:\/\/academy.msf.org\/fr\/#website","url":"https:\/\/academy.msf.org\/fr\/","name":"MSF","description":"","potentialAction":[{"@type":"SearchAction","target":{"@type":"EntryPoint","urlTemplate":"https:\/\/academy.msf.org\/fr\/?s={search_term_string}"},"query-input":{"@type":"PropertyValueSpecification","valueRequired":true,"valueName":"search_term_string"}}],"inLanguage":"fr-FR"}]}},"_links":{"self":[{"href":"https:\/\/academy.msf.org\/fr\/wp-json\/wp\/v2\/pages\/467","targetHints":{"allow":["GET"]}}],"collection":[{"href":"https:\/\/academy.msf.org\/fr\/wp-json\/wp\/v2\/pages"}],"about":[{"href":"https:\/\/academy.msf.org\/fr\/wp-json\/wp\/v2\/types\/page"}],"author":[{"embeddable":true,"href":"https:\/\/academy.msf.org\/fr\/wp-json\/wp\/v2\/users\/1"}],"replies":[{"embeddable":true,"href":"https:\/\/academy.msf.org\/fr\/wp-json\/wp\/v2\/comments?post=467"}],"version-history":[{"count":37,"href":"https:\/\/academy.msf.org\/fr\/wp-json\/wp\/v2\/pages\/467\/revisions"}],"predecessor-version":[{"id":4621,"href":"https:\/\/academy.msf.org\/fr\/wp-json\/wp\/v2\/pages\/467\/revisions\/4621"}],"up":[{"embeddable":true,"href":"https:\/\/academy.msf.org\/fr\/wp-json\/wp\/v2\/pages\/459"}],"wp:featuredmedia":[{"embeddable":true,"href":"https:\/\/academy.msf.org\/fr\/wp-json\/wp\/v2\/media\/1299"}],"wp:attachment":[{"href":"https:\/\/academy.msf.org\/fr\/wp-json\/wp\/v2\/media?parent=467"}],"curies":[{"name":"wp","href":"https:\/\/api.w.org\/{rel}","templated":true}]}}