{"id":466,"date":"2023-07-06T16:02:11","date_gmt":"2023-07-06T16:02:11","guid":{"rendered":"https:\/\/msf.mademo.be\/what-we-do\/postgraduate-diploma-in-infectious-diseases\/"},"modified":"2025-12-10T09:51:36","modified_gmt":"2025-12-10T09:51:36","slug":"infectious-diseases","status":"publish","type":"page","link":"https:\/\/academy.msf.org\/fr\/what-we-do\/infectious-diseases\/","title":{"rendered":"Maladies Infectieuses"},"content":{"rendered":"\n<p>Le Dipl\u00f4me d\u2019\u00e9tudes sup\u00e9rieures en Maladies Infectieuses vise \u00e0 doter le personnel m\u00e9dical de MSF d\u2019une expertise clinique sp\u00e9cifique en mati\u00e8re de pr\u00e9vention, de diagnostic et de traitement des maladies infectieuses.<\/p>\n\n\n\n<p>La plupart des pathologies trait\u00e9es dans les h\u00f4pitaux de MSF sont des maladies infectieuses, et la r\u00e9sistance aux antibiotiques ainsi que les infections chirurgicales posent des d\u00e9fis nouveaux et complexes. Le dipl\u00f4me d\u2019\u00e9tudes sup\u00e9rieures est un programme d\u2019apprentissage hybride de deux ans fond\u00e9 sur la pratique, \u00a0qui s\u2019adresse aux m\u00e9decins cliniquement actifs, qui suivent la formation tout en travaillant dans les projets de MSF. L\u2019initiative s\u2019appuie fortement sur l\u2019exp\u00e9rience clinique pratique tutor\u00e9e, soutenue par un enseignement th\u00e9orique. Ce programme de deux ans est en cours depuis 2021. Il est d\u00e9velopp\u00e9 en partenariat avec l\u2019<a href=\"https:\/\/hybridlearning.sun.ac.za\/pgdipid\/?trk=public_post_comment-text\" target=\"_blank\" rel=\"noreferrer noopener\"><strong>Universit\u00e9 de Stellenbosch<\/strong><\/a>\u00a0en Afrique du Sud.<\/p>\n\n\n\n<p>Le programme est reconnu par le D\u00e9partement de l\u2019Enseignement Sup\u00e9rieur de la R\u00e9publique d\u2019Afrique du Sud, et les participants re\u00e7oivent un dipl\u00f4me d\u2019\u00e9tudes superieures de l\u2019Universit\u00e9 de Stellenbosch apr\u00e8s avoir r\u00e9ussi le programme.<\/p>\n\n\n\n<div style=\"height:38px\" aria-hidden=\"true\" class=\"wp-block-spacer\"><\/div>\n\n\n\n<figure class=\"wp-block-image aligncenter size-full\"><img loading=\"lazy\" decoding=\"async\" width=\"754\" height=\"144\" src=\"https:\/\/academy.msf.org\/app\/uploads\/2023\/08\/header-logos-1.jpg\" alt=\"\" class=\"wp-image-1310\" srcset=\"https:\/\/academy.msf.org\/app\/uploads\/2023\/08\/header-logos-1.jpg 754w, https:\/\/academy.msf.org\/app\/uploads\/2023\/08\/header-logos-1-300x57.jpg 300w\" sizes=\"auto, (max-width: 754px) 100vw, 754px\" \/><\/figure>\n","protected":false},"excerpt":{"rendered":"<p>Le Dipl\u00f4me d\u2019\u00e9tudes sup\u00e9rieures en Maladies Infectieuses vise \u00e0 doter le personnel m\u00e9dical de MSF d\u2019une expertise clinique sp\u00e9cifique en mati\u00e8re de pr\u00e9vention, de diagnostic et de traitement des maladies infectieuses. La plupart des pathologies trait\u00e9es dans les h\u00f4pitaux de MSF sont des maladies infectieuses, et la r\u00e9sistance aux antibiotiques ainsi que les infections chirurgicales [&hellip;]<\/p>\n","protected":false},"author":1,"featured_media":443,"parent":459,"menu_order":4,"comment_status":"closed","ping_status":"closed","template":"template-default.blade.php","meta":{"_acf_changed":false,"footnotes":""},"class_list":["post-466","page","type-page","status-publish","has-post-thumbnail","hentry"],"acf":[],"yoast_head":"<!-- This site is optimized with the Yoast SEO plugin v27.3 - https:\/\/yoast.com\/product\/yoast-seo-wordpress\/ -->\n<title>Maladies Infectieuses - MSF<\/title>\n<meta name=\"robots\" content=\"index, follow, max-snippet:-1, max-image-preview:large, max-video-preview:-1\" \/>\n<link rel=\"canonical\" href=\"https:\/\/academy.msf.org\/fr\/what-we-do\/infectious-diseases\/\" \/>\n<meta property=\"og:locale\" content=\"fr_FR\" \/>\n<meta property=\"og:type\" content=\"article\" \/>\n<meta property=\"og:title\" content=\"Maladies Infectieuses - MSF\" \/>\n<meta property=\"og:description\" content=\"Le Dipl\u00f4me d\u2019\u00e9tudes sup\u00e9rieures en Maladies Infectieuses vise \u00e0 doter le personnel m\u00e9dical de MSF d\u2019une expertise clinique sp\u00e9cifique en mati\u00e8re de pr\u00e9vention, de diagnostic et de traitement des maladies infectieuses. La plupart des pathologies trait\u00e9es dans les h\u00f4pitaux de MSF sont des maladies infectieuses, et la r\u00e9sistance aux antibiotiques ainsi que les infections chirurgicales [&hellip;]\" \/>\n<meta property=\"og:url\" content=\"https:\/\/academy.msf.org\/fr\/what-we-do\/infectious-diseases\/\" \/>\n<meta property=\"og:site_name\" content=\"MSF\" \/>\n<meta property=\"article:modified_time\" content=\"2025-12-10T09:51:36+00:00\" \/>\n<meta property=\"og:image\" content=\"https:\/\/academy.msf.org\/app\/uploads\/2023\/07\/069A1376.jpg\" \/>\n\t<meta property=\"og:image:width\" content=\"1920\" \/>\n\t<meta property=\"og:image:height\" content=\"1280\" \/>\n\t<meta property=\"og:image:type\" content=\"image\/jpeg\" \/>\n<meta name=\"twitter:card\" content=\"summary_large_image\" \/>\n<meta name=\"twitter:label1\" content=\"Est. reading time\" \/>\n\t<meta name=\"twitter:data1\" content=\"6 minutes\" \/>\n<script type=\"application\/ld+json\" class=\"yoast-schema-graph\">{\"@context\":\"https:\\\/\\\/schema.org\",\"@graph\":[{\"@type\":\"WebPage\",\"@id\":\"https:\\\/\\\/academy.msf.org\\\/fr\\\/what-we-do\\\/infectious-diseases\\\/\",\"url\":\"https:\\\/\\\/academy.msf.org\\\/fr\\\/what-we-do\\\/infectious-diseases\\\/\",\"name\":\"Maladies Infectieuses - MSF\",\"isPartOf\":{\"@id\":\"https:\\\/\\\/academy.msf.org\\\/fr\\\/#website\"},\"primaryImageOfPage\":{\"@id\":\"https:\\\/\\\/academy.msf.org\\\/fr\\\/what-we-do\\\/infectious-diseases\\\/#primaryimage\"},\"image\":{\"@id\":\"https:\\\/\\\/academy.msf.org\\\/fr\\\/what-we-do\\\/infectious-diseases\\\/#primaryimage\"},\"thumbnailUrl\":\"https:\\\/\\\/academy.msf.org\\\/app\\\/uploads\\\/2023\\\/07\\\/069A1376.jpg\",\"datePublished\":\"2023-07-06T16:02:11+00:00\",\"dateModified\":\"2025-12-10T09:51:36+00:00\",\"breadcrumb\":{\"@id\":\"https:\\\/\\\/academy.msf.org\\\/fr\\\/what-we-do\\\/infectious-diseases\\\/#breadcrumb\"},\"inLanguage\":\"fr-FR\",\"potentialAction\":[{\"@type\":\"ReadAction\",\"target\":[\"https:\\\/\\\/academy.msf.org\\\/fr\\\/what-we-do\\\/infectious-diseases\\\/\"]}]},{\"@type\":\"ImageObject\",\"inLanguage\":\"fr-FR\",\"@id\":\"https:\\\/\\\/academy.msf.org\\\/fr\\\/what-we-do\\\/infectious-diseases\\\/#primaryimage\",\"url\":\"https:\\\/\\\/academy.msf.org\\\/app\\\/uploads\\\/2023\\\/07\\\/069A1376.jpg\",\"contentUrl\":\"https:\\\/\\\/academy.msf.org\\\/app\\\/uploads\\\/2023\\\/07\\\/069A1376.jpg\",\"width\":1920,\"height\":1280},{\"@type\":\"BreadcrumbList\",\"@id\":\"https:\\\/\\\/academy.msf.org\\\/fr\\\/what-we-do\\\/infectious-diseases\\\/#breadcrumb\",\"itemListElement\":[{\"@type\":\"ListItem\",\"position\":1,\"name\":\"Home\",\"item\":\"https:\\\/\\\/academy.msf.org\\\/fr\\\/\"},{\"@type\":\"ListItem\",\"position\":2,\"name\":\"Notre action\",\"item\":\"https:\\\/\\\/academy.msf.org\\\/fr\\\/what-we-do\\\/\"},{\"@type\":\"ListItem\",\"position\":3,\"name\":\"Maladies Infectieuses\"}]},{\"@type\":\"WebSite\",\"@id\":\"https:\\\/\\\/academy.msf.org\\\/fr\\\/#website\",\"url\":\"https:\\\/\\\/academy.msf.org\\\/fr\\\/\",\"name\":\"MSF\",\"description\":\"\",\"potentialAction\":[{\"@type\":\"SearchAction\",\"target\":{\"@type\":\"EntryPoint\",\"urlTemplate\":\"https:\\\/\\\/academy.msf.org\\\/fr\\\/?s={search_term_string}\"},\"query-input\":{\"@type\":\"PropertyValueSpecification\",\"valueRequired\":true,\"valueName\":\"search_term_string\"}}],\"inLanguage\":\"fr-FR\"}]}<\/script>\n<!-- \/ Yoast SEO plugin. -->","yoast_head_json":{"title":"Maladies Infectieuses - MSF","robots":{"index":"index","follow":"follow","max-snippet":"max-snippet:-1","max-image-preview":"max-image-preview:large","max-video-preview":"max-video-preview:-1"},"canonical":"https:\/\/academy.msf.org\/fr\/what-we-do\/infectious-diseases\/","og_locale":"fr_FR","og_type":"article","og_title":"Maladies Infectieuses - MSF","og_description":"Le Dipl\u00f4me d\u2019\u00e9tudes sup\u00e9rieures en Maladies Infectieuses vise \u00e0 doter le personnel m\u00e9dical de MSF d\u2019une expertise clinique sp\u00e9cifique en mati\u00e8re de pr\u00e9vention, de diagnostic et de traitement des maladies infectieuses. La plupart des pathologies trait\u00e9es dans les h\u00f4pitaux de MSF sont des maladies infectieuses, et la r\u00e9sistance aux antibiotiques ainsi que les infections chirurgicales [&hellip;]","og_url":"https:\/\/academy.msf.org\/fr\/what-we-do\/infectious-diseases\/","og_site_name":"MSF","article_modified_time":"2025-12-10T09:51:36+00:00","og_image":[{"width":1920,"height":1280,"url":"https:\/\/academy.msf.org\/app\/uploads\/2023\/07\/069A1376.jpg","type":"image\/jpeg"}],"twitter_card":"summary_large_image","twitter_misc":{"Est. reading time":"6 minutes"},"schema":{"@context":"https:\/\/schema.org","@graph":[{"@type":"WebPage","@id":"https:\/\/academy.msf.org\/fr\/what-we-do\/infectious-diseases\/","url":"https:\/\/academy.msf.org\/fr\/what-we-do\/infectious-diseases\/","name":"Maladies Infectieuses - MSF","isPartOf":{"@id":"https:\/\/academy.msf.org\/fr\/#website"},"primaryImageOfPage":{"@id":"https:\/\/academy.msf.org\/fr\/what-we-do\/infectious-diseases\/#primaryimage"},"image":{"@id":"https:\/\/academy.msf.org\/fr\/what-we-do\/infectious-diseases\/#primaryimage"},"thumbnailUrl":"https:\/\/academy.msf.org\/app\/uploads\/2023\/07\/069A1376.jpg","datePublished":"2023-07-06T16:02:11+00:00","dateModified":"2025-12-10T09:51:36+00:00","breadcrumb":{"@id":"https:\/\/academy.msf.org\/fr\/what-we-do\/infectious-diseases\/#breadcrumb"},"inLanguage":"fr-FR","potentialAction":[{"@type":"ReadAction","target":["https:\/\/academy.msf.org\/fr\/what-we-do\/infectious-diseases\/"]}]},{"@type":"ImageObject","inLanguage":"fr-FR","@id":"https:\/\/academy.msf.org\/fr\/what-we-do\/infectious-diseases\/#primaryimage","url":"https:\/\/academy.msf.org\/app\/uploads\/2023\/07\/069A1376.jpg","contentUrl":"https:\/\/academy.msf.org\/app\/uploads\/2023\/07\/069A1376.jpg","width":1920,"height":1280},{"@type":"BreadcrumbList","@id":"https:\/\/academy.msf.org\/fr\/what-we-do\/infectious-diseases\/#breadcrumb","itemListElement":[{"@type":"ListItem","position":1,"name":"Home","item":"https:\/\/academy.msf.org\/fr\/"},{"@type":"ListItem","position":2,"name":"Notre action","item":"https:\/\/academy.msf.org\/fr\/what-we-do\/"},{"@type":"ListItem","position":3,"name":"Maladies Infectieuses"}]},{"@type":"WebSite","@id":"https:\/\/academy.msf.org\/fr\/#website","url":"https:\/\/academy.msf.org\/fr\/","name":"MSF","description":"","potentialAction":[{"@type":"SearchAction","target":{"@type":"EntryPoint","urlTemplate":"https:\/\/academy.msf.org\/fr\/?s={search_term_string}"},"query-input":{"@type":"PropertyValueSpecification","valueRequired":true,"valueName":"search_term_string"}}],"inLanguage":"fr-FR"}]}},"_links":{"self":[{"href":"https:\/\/academy.msf.org\/fr\/wp-json\/wp\/v2\/pages\/466","targetHints":{"allow":["GET"]}}],"collection":[{"href":"https:\/\/academy.msf.org\/fr\/wp-json\/wp\/v2\/pages"}],"about":[{"href":"https:\/\/academy.msf.org\/fr\/wp-json\/wp\/v2\/types\/page"}],"author":[{"embeddable":true,"href":"https:\/\/academy.msf.org\/fr\/wp-json\/wp\/v2\/users\/1"}],"replies":[{"embeddable":true,"href":"https:\/\/academy.msf.org\/fr\/wp-json\/wp\/v2\/comments?post=466"}],"version-history":[{"count":42,"href":"https:\/\/academy.msf.org\/fr\/wp-json\/wp\/v2\/pages\/466\/revisions"}],"predecessor-version":[{"id":4457,"href":"https:\/\/academy.msf.org\/fr\/wp-json\/wp\/v2\/pages\/466\/revisions\/4457"}],"up":[{"embeddable":true,"href":"https:\/\/academy.msf.org\/fr\/wp-json\/wp\/v2\/pages\/459"}],"wp:featuredmedia":[{"embeddable":true,"href":"https:\/\/academy.msf.org\/fr\/wp-json\/wp\/v2\/media\/443"}],"wp:attachment":[{"href":"https:\/\/academy.msf.org\/fr\/wp-json\/wp\/v2\/media?parent=466"}],"curies":[{"name":"wp","href":"https:\/\/api.w.org\/{rel}","templated":true}]}}