{"id":464,"date":"2023-06-10T09:20:24","date_gmt":"2023-06-10T09:20:24","guid":{"rendered":"https:\/\/msf.mademo.be\/what-we-do\/hospital-nursing-midwifery-care\/midwifery-clinical-care\/"},"modified":"2026-02-25T15:41:30","modified_gmt":"2026-02-25T15:41:30","slug":"midwifery-clinical-care","status":"publish","type":"page","link":"https:\/\/academy.msf.org\/fr\/what-we-do\/nursing-midwifery-care\/midwifery-clinical-care\/","title":{"rendered":"Soins Cliniques en Obst\u00e9trique"},"content":{"rendered":"\n<p>Le programme de formation en Soins Cliniques en Obst\u00e9trique et Sant\u00e9 de la Femme est bas\u00e9 sur un programme global qui peut \u00eatre utilis\u00e9 pour trois programmes adapt\u00e9s en fonction des besoins d&#8217;apprentissage.<\/p>\n\n\n\n<p>Ce programme a \u00e9t\u00e9 mis en \u0153uvre en <strong><a data-type=\"country\" data-id=\"2065\" href=\"https:\/\/academy.msf.org\/fr\/country\/sierra-leone\/\">Sierra Leone<\/a><\/strong>, au <strong><a href=\"https:\/\/academy.msf.org\/fr\/country\/burkina-faso\/\">Burkina Faso<\/a><\/strong> et au <a href=\"https:\/\/academy.msf.org\/fr\/country\/south-sudan\/\"><strong>Soudan du Sud<\/strong><\/a>.<\/p>\n","protected":false},"excerpt":{"rendered":"<p>Le programme de formation en Soins Cliniques en Obst\u00e9trique et Sant\u00e9 de la Femme est bas\u00e9 sur un programme global qui peut \u00eatre utilis\u00e9 pour trois programmes adapt\u00e9s en fonction des besoins d&#8217;apprentissage. Ce programme a \u00e9t\u00e9 mis en \u0153uvre en Sierra Leone, au Burkina Faso et au Soudan du Sud.<\/p>\n","protected":false},"author":1,"featured_media":1291,"parent":460,"menu_order":3,"comment_status":"closed","ping_status":"closed","template":"template-default.blade.php","meta":{"_acf_changed":false,"footnotes":""},"class_list":["post-464","page","type-page","status-publish","has-post-thumbnail","hentry"],"acf":[],"yoast_head":"<!-- This site is optimized with the Yoast SEO plugin v27.3 - https:\/\/yoast.com\/product\/yoast-seo-wordpress\/ -->\n<title>Soins Cliniques en Obst\u00e9trique - MSF<\/title>\n<meta name=\"robots\" content=\"index, follow, max-snippet:-1, max-image-preview:large, max-video-preview:-1\" \/>\n<link rel=\"canonical\" href=\"https:\/\/academy.msf.org\/fr\/what-we-do\/nursing-midwifery-care\/midwifery-clinical-care\/\" \/>\n<meta property=\"og:locale\" content=\"fr_FR\" \/>\n<meta property=\"og:type\" content=\"article\" \/>\n<meta property=\"og:title\" content=\"Soins Cliniques en Obst\u00e9trique - MSF\" \/>\n<meta property=\"og:description\" content=\"Le programme de formation en Soins Cliniques en Obst\u00e9trique et Sant\u00e9 de la Femme est bas\u00e9 sur un programme global qui peut \u00eatre utilis\u00e9 pour trois programmes adapt\u00e9s en fonction des besoins d&#8217;apprentissage. Ce programme a \u00e9t\u00e9 mis en \u0153uvre en Sierra Leone, au Burkina Faso et au Soudan du Sud.\" \/>\n<meta property=\"og:url\" content=\"https:\/\/academy.msf.org\/fr\/what-we-do\/nursing-midwifery-care\/midwifery-clinical-care\/\" \/>\n<meta property=\"og:site_name\" content=\"MSF\" \/>\n<meta property=\"article:modified_time\" content=\"2026-02-25T15:41:30+00:00\" \/>\n<meta property=\"og:image\" content=\"https:\/\/academy.msf.org\/app\/uploads\/2023\/08\/DSC4244.jpg\" \/>\n\t<meta property=\"og:image:width\" content=\"1800\" \/>\n\t<meta property=\"og:image:height\" content=\"1013\" \/>\n\t<meta property=\"og:image:type\" content=\"image\/jpeg\" \/>\n<meta name=\"twitter:card\" content=\"summary_large_image\" \/>\n<meta name=\"twitter:label1\" content=\"Est. reading time\" \/>\n\t<meta name=\"twitter:data1\" content=\"3 minutes\" \/>\n<script type=\"application\/ld+json\" class=\"yoast-schema-graph\">{\"@context\":\"https:\\\/\\\/schema.org\",\"@graph\":[{\"@type\":\"WebPage\",\"@id\":\"https:\\\/\\\/academy.msf.org\\\/fr\\\/what-we-do\\\/nursing-midwifery-care\\\/midwifery-clinical-care\\\/\",\"url\":\"https:\\\/\\\/academy.msf.org\\\/fr\\\/what-we-do\\\/nursing-midwifery-care\\\/midwifery-clinical-care\\\/\",\"name\":\"Soins Cliniques en Obst\u00e9trique - MSF\",\"isPartOf\":{\"@id\":\"https:\\\/\\\/academy.msf.org\\\/fr\\\/#website\"},\"primaryImageOfPage\":{\"@id\":\"https:\\\/\\\/academy.msf.org\\\/fr\\\/what-we-do\\\/nursing-midwifery-care\\\/midwifery-clinical-care\\\/#primaryimage\"},\"image\":{\"@id\":\"https:\\\/\\\/academy.msf.org\\\/fr\\\/what-we-do\\\/nursing-midwifery-care\\\/midwifery-clinical-care\\\/#primaryimage\"},\"thumbnailUrl\":\"https:\\\/\\\/academy.msf.org\\\/app\\\/uploads\\\/2023\\\/08\\\/DSC4244.jpg\",\"datePublished\":\"2023-06-10T09:20:24+00:00\",\"dateModified\":\"2026-02-25T15:41:30+00:00\",\"breadcrumb\":{\"@id\":\"https:\\\/\\\/academy.msf.org\\\/fr\\\/what-we-do\\\/nursing-midwifery-care\\\/midwifery-clinical-care\\\/#breadcrumb\"},\"inLanguage\":\"fr-FR\",\"potentialAction\":[{\"@type\":\"ReadAction\",\"target\":[\"https:\\\/\\\/academy.msf.org\\\/fr\\\/what-we-do\\\/nursing-midwifery-care\\\/midwifery-clinical-care\\\/\"]}]},{\"@type\":\"ImageObject\",\"inLanguage\":\"fr-FR\",\"@id\":\"https:\\\/\\\/academy.msf.org\\\/fr\\\/what-we-do\\\/nursing-midwifery-care\\\/midwifery-clinical-care\\\/#primaryimage\",\"url\":\"https:\\\/\\\/academy.msf.org\\\/app\\\/uploads\\\/2023\\\/08\\\/DSC4244.jpg\",\"contentUrl\":\"https:\\\/\\\/academy.msf.org\\\/app\\\/uploads\\\/2023\\\/08\\\/DSC4244.jpg\",\"width\":1800,\"height\":1013},{\"@type\":\"BreadcrumbList\",\"@id\":\"https:\\\/\\\/academy.msf.org\\\/fr\\\/what-we-do\\\/nursing-midwifery-care\\\/midwifery-clinical-care\\\/#breadcrumb\",\"itemListElement\":[{\"@type\":\"ListItem\",\"position\":1,\"name\":\"Home\",\"item\":\"https:\\\/\\\/academy.msf.org\\\/fr\\\/\"},{\"@type\":\"ListItem\",\"position\":2,\"name\":\"Notre action\",\"item\":\"https:\\\/\\\/academy.msf.org\\\/fr\\\/what-we-do\\\/\"},{\"@type\":\"ListItem\",\"position\":3,\"name\":\"Soins Infirmiers et Obst\u00e9tricaux\",\"item\":\"https:\\\/\\\/academy.msf.org\\\/fr\\\/what-we-do\\\/nursing-midwifery-care\\\/\"},{\"@type\":\"ListItem\",\"position\":4,\"name\":\"Soins Cliniques en Obst\u00e9trique\"}]},{\"@type\":\"WebSite\",\"@id\":\"https:\\\/\\\/academy.msf.org\\\/fr\\\/#website\",\"url\":\"https:\\\/\\\/academy.msf.org\\\/fr\\\/\",\"name\":\"MSF\",\"description\":\"\",\"potentialAction\":[{\"@type\":\"SearchAction\",\"target\":{\"@type\":\"EntryPoint\",\"urlTemplate\":\"https:\\\/\\\/academy.msf.org\\\/fr\\\/?s={search_term_string}\"},\"query-input\":{\"@type\":\"PropertyValueSpecification\",\"valueRequired\":true,\"valueName\":\"search_term_string\"}}],\"inLanguage\":\"fr-FR\"}]}<\/script>\n<!-- \/ Yoast SEO plugin. -->","yoast_head_json":{"title":"Soins Cliniques en Obst\u00e9trique - MSF","robots":{"index":"index","follow":"follow","max-snippet":"max-snippet:-1","max-image-preview":"max-image-preview:large","max-video-preview":"max-video-preview:-1"},"canonical":"https:\/\/academy.msf.org\/fr\/what-we-do\/nursing-midwifery-care\/midwifery-clinical-care\/","og_locale":"fr_FR","og_type":"article","og_title":"Soins Cliniques en Obst\u00e9trique - MSF","og_description":"Le programme de formation en Soins Cliniques en Obst\u00e9trique et Sant\u00e9 de la Femme est bas\u00e9 sur un programme global qui peut \u00eatre utilis\u00e9 pour trois programmes adapt\u00e9s en fonction des besoins d&#8217;apprentissage. Ce programme a \u00e9t\u00e9 mis en \u0153uvre en Sierra Leone, au Burkina Faso et au Soudan du Sud.","og_url":"https:\/\/academy.msf.org\/fr\/what-we-do\/nursing-midwifery-care\/midwifery-clinical-care\/","og_site_name":"MSF","article_modified_time":"2026-02-25T15:41:30+00:00","og_image":[{"width":1800,"height":1013,"url":"https:\/\/academy.msf.org\/app\/uploads\/2023\/08\/DSC4244.jpg","type":"image\/jpeg"}],"twitter_card":"summary_large_image","twitter_misc":{"Est. reading time":"3 minutes"},"schema":{"@context":"https:\/\/schema.org","@graph":[{"@type":"WebPage","@id":"https:\/\/academy.msf.org\/fr\/what-we-do\/nursing-midwifery-care\/midwifery-clinical-care\/","url":"https:\/\/academy.msf.org\/fr\/what-we-do\/nursing-midwifery-care\/midwifery-clinical-care\/","name":"Soins Cliniques en Obst\u00e9trique - MSF","isPartOf":{"@id":"https:\/\/academy.msf.org\/fr\/#website"},"primaryImageOfPage":{"@id":"https:\/\/academy.msf.org\/fr\/what-we-do\/nursing-midwifery-care\/midwifery-clinical-care\/#primaryimage"},"image":{"@id":"https:\/\/academy.msf.org\/fr\/what-we-do\/nursing-midwifery-care\/midwifery-clinical-care\/#primaryimage"},"thumbnailUrl":"https:\/\/academy.msf.org\/app\/uploads\/2023\/08\/DSC4244.jpg","datePublished":"2023-06-10T09:20:24+00:00","dateModified":"2026-02-25T15:41:30+00:00","breadcrumb":{"@id":"https:\/\/academy.msf.org\/fr\/what-we-do\/nursing-midwifery-care\/midwifery-clinical-care\/#breadcrumb"},"inLanguage":"fr-FR","potentialAction":[{"@type":"ReadAction","target":["https:\/\/academy.msf.org\/fr\/what-we-do\/nursing-midwifery-care\/midwifery-clinical-care\/"]}]},{"@type":"ImageObject","inLanguage":"fr-FR","@id":"https:\/\/academy.msf.org\/fr\/what-we-do\/nursing-midwifery-care\/midwifery-clinical-care\/#primaryimage","url":"https:\/\/academy.msf.org\/app\/uploads\/2023\/08\/DSC4244.jpg","contentUrl":"https:\/\/academy.msf.org\/app\/uploads\/2023\/08\/DSC4244.jpg","width":1800,"height":1013},{"@type":"BreadcrumbList","@id":"https:\/\/academy.msf.org\/fr\/what-we-do\/nursing-midwifery-care\/midwifery-clinical-care\/#breadcrumb","itemListElement":[{"@type":"ListItem","position":1,"name":"Home","item":"https:\/\/academy.msf.org\/fr\/"},{"@type":"ListItem","position":2,"name":"Notre action","item":"https:\/\/academy.msf.org\/fr\/what-we-do\/"},{"@type":"ListItem","position":3,"name":"Soins Infirmiers et Obst\u00e9tricaux","item":"https:\/\/academy.msf.org\/fr\/what-we-do\/nursing-midwifery-care\/"},{"@type":"ListItem","position":4,"name":"Soins Cliniques en Obst\u00e9trique"}]},{"@type":"WebSite","@id":"https:\/\/academy.msf.org\/fr\/#website","url":"https:\/\/academy.msf.org\/fr\/","name":"MSF","description":"","potentialAction":[{"@type":"SearchAction","target":{"@type":"EntryPoint","urlTemplate":"https:\/\/academy.msf.org\/fr\/?s={search_term_string}"},"query-input":{"@type":"PropertyValueSpecification","valueRequired":true,"valueName":"search_term_string"}}],"inLanguage":"fr-FR"}]}},"_links":{"self":[{"href":"https:\/\/academy.msf.org\/fr\/wp-json\/wp\/v2\/pages\/464","targetHints":{"allow":["GET"]}}],"collection":[{"href":"https:\/\/academy.msf.org\/fr\/wp-json\/wp\/v2\/pages"}],"about":[{"href":"https:\/\/academy.msf.org\/fr\/wp-json\/wp\/v2\/types\/page"}],"author":[{"embeddable":true,"href":"https:\/\/academy.msf.org\/fr\/wp-json\/wp\/v2\/users\/1"}],"replies":[{"embeddable":true,"href":"https:\/\/academy.msf.org\/fr\/wp-json\/wp\/v2\/comments?post=464"}],"version-history":[{"count":30,"href":"https:\/\/academy.msf.org\/fr\/wp-json\/wp\/v2\/pages\/464\/revisions"}],"predecessor-version":[{"id":4587,"href":"https:\/\/academy.msf.org\/fr\/wp-json\/wp\/v2\/pages\/464\/revisions\/4587"}],"up":[{"embeddable":true,"href":"https:\/\/academy.msf.org\/fr\/wp-json\/wp\/v2\/pages\/460"}],"wp:featuredmedia":[{"embeddable":true,"href":"https:\/\/academy.msf.org\/fr\/wp-json\/wp\/v2\/media\/1291"}],"wp:attachment":[{"href":"https:\/\/academy.msf.org\/fr\/wp-json\/wp\/v2\/media?parent=464"}],"curies":[{"name":"wp","href":"https:\/\/api.w.org\/{rel}","templated":true}]}}